{"id":361,"date":"2020-09-10T13:48:17","date_gmt":"2020-09-10T13:48:17","guid":{"rendered":"https:\/\/www.dual-career-am-see.de\/?page_id=361"},"modified":"2023-01-17T12:16:45","modified_gmt":"2023-01-17T12:16:45","slug":"impressum","status":"publish","type":"page","link":"https:\/\/www.dual-career-am-see.de\/index.php\/impressum\/","title":{"rendered":"Impressum"},"content":{"rendered":"\t\t<div data-elementor-type=\"wp-page\" data-elementor-id=\"361\" class=\"elementor elementor-361\">\n\t\t\t\t\t\t<section class=\"elementor-section elementor-top-section elementor-element elementor-element-14a5696 elementor-section-boxed elementor-section-height-default elementor-section-height-default\" data-id=\"14a5696\" data-element_type=\"section\">\n\t\t\t\t\t\t<div class=\"elementor-container elementor-column-gap-default\">\n\t\t\t\t\t<div class=\"elementor-column elementor-col-100 elementor-top-column elementor-element elementor-element-288b28d\" data-id=\"288b28d\" data-element_type=\"column\">\n\t\t\t<div class=\"elementor-widget-wrap elementor-element-populated\">\n\t\t\t\t\t\t<div class=\"elementor-element elementor-element-421994f elementor-widget elementor-widget-heading\" data-id=\"421994f\" data-element_type=\"widget\" data-widget_type=\"heading.default\">\n\t\t\t\t<div class=\"elementor-widget-container\">\n\t\t\t\t\t<h2 class=\"elementor-heading-title elementor-size-default\">Impressum<\/h2>\t\t\t\t<\/div>\n\t\t\t\t<\/div>\n\t\t\t\t\t<\/div>\n\t\t<\/div>\n\t\t\t\t\t<\/div>\n\t\t<\/section>\n\t\t\t\t<section class=\"elementor-section elementor-top-section elementor-element elementor-element-96659df elementor-section-boxed elementor-section-height-default elementor-section-height-default\" data-id=\"96659df\" data-element_type=\"section\">\n\t\t\t\t\t\t<div class=\"elementor-container elementor-column-gap-default\">\n\t\t\t\t\t<div class=\"elementor-column elementor-col-100 elementor-top-column elementor-element elementor-element-ad6608f\" data-id=\"ad6608f\" data-element_type=\"column\">\n\t\t\t<div class=\"elementor-widget-wrap elementor-element-populated\">\n\t\t\t\t\t\t<div class=\"elementor-element elementor-element-7b27de8 elementor-widget elementor-widget-text-editor\" data-id=\"7b27de8\" data-element_type=\"widget\" data-widget_type=\"text-editor.default\">\n\t\t\t\t<div class=\"elementor-widget-container\">\n\t\t\t\t\t\t\t\t\t<h5>Das Dual Career Netzwerk Bodensee wird rechtlich vertreten durch:<\/h5>\n<p>Kerstin Melzer<br>Referentin f\u00fcr Personalentwicklung und Dual Career<br>Universit\u00e4t Konstanz<\/p>\n<p>Kontakt:<br><a href=\"mailto:kerstin.melzer@uni.kn\">kerstin.melzer@uni.kn<\/a><br>+49 7531 88-2430<\/p>\n<h5>Verantwortlich f\u00fcr den Inhalt dieser Seite ist:<\/h5>\n<p>Kerstin Melzer<br>Referentin f\u00fcr Personalentwicklung und Dual Career<br>Universit\u00e4t Konstanz<\/p>\n<p>Kontakt:<br><a href=\"mailto:kerstin.melzer@uni.kn\">kerstin.melzer@uni.kn<\/a><br>+49 7531 88-2430<\/p>\n<h5>Haftungsausschluss<\/h5>\n<p>Die Querverweise (externe Links) auf www.dual-career-am-see.de dienen lediglich der weiteren Information. F\u00fcr den Inhalt und die Gestaltung dieser Websites sind die jeweiligen BetreiberInnen verantwortlich. Die Betreiberin dieser Website distanziert sich ausdr\u00fccklich von deren Inhalten und \u00fcbernimmt keine Gew\u00e4hr f\u00fcr deren Richtigkeit, Vollst\u00e4ndigkeit, Qualit\u00e4t oder Aktualit\u00e4t.<\/p>\n<h5>Bildmaterial<\/h5>\n<p>Startseite: Unsplash &#8211; Jan Genge<\/p>\n<p>\u00dcber uns: Unsplash &#8211; Eve Kurnaz<\/p>\n<p>Dual Career: Unsplash &#8211; Chris Mai<\/p>\n<p>Mitglied werden: Unsplash &#8211; Thomas Park<\/p>\n<p>Erste Hilfe zur Stellensuche: Unsplash &#8211; Markus Winkler<\/p>\n<p>Unser Logo und die Icons wurden durch das Grafikstudio von Anabelle H\u00f6pfer und Isabell Schmidt erstellt.<\/p>\t\t\t\t\t\t\t\t<\/div>\n\t\t\t\t<\/div>\n\t\t\t\t\t<\/div>\n\t\t<\/div>\n\t\t\t\t\t<\/div>\n\t\t<\/section>\n\t\t\t\t<\/div>\n\t\t","protected":false},"excerpt":{"rendered":"<p>Impressum Das Dual Career Netzwerk Bodensee wird rechtlich vertreten durch: Kerstin MelzerReferentin f\u00fcr Personalentwicklung und Dual CareerUniversit\u00e4t Konstanz Kontakt:kerstin.melzer@uni.kn+49 7531 88-2430 Verantwortlich f\u00fcr den Inhalt dieser Seite ist: Kerstin MelzerReferentin f\u00fcr Personalentwicklung und Dual CareerUniversit\u00e4t Konstanz Kontakt:kerstin.melzer@uni.kn+49 7531 88-2430 Haftungsausschluss Die Querverweise (externe Links) auf www.dual-career-am-see.de dienen lediglich der weiteren Information. F\u00fcr den Inhalt und&hellip;&nbsp;<a href=\"https:\/\/www.dual-career-am-see.de\/index.php\/impressum\/\" rel=\"bookmark\">Weiterlesen &raquo;<span class=\"screen-reader-text\">Impressum<\/span><\/a><\/p>\n","protected":false},"author":2,"featured_media":0,"parent":0,"menu_order":0,"comment_status":"closed","ping_status":"closed","template":"page-templates\/template-pagebuilder-full-width.php","meta":{"neve_meta_sidebar":"full-width","neve_meta_container":"","neve_meta_enable_content_width":"on","neve_meta_content_width":100,"neve_meta_title_alignment":"","neve_meta_author_avatar":"","neve_post_elements_order":"","neve_meta_disable_header":"","neve_meta_disable_footer":"","neve_meta_disable_title":"","footnotes":""},"class_list":["post-361","page","type-page","status-publish","hentry"],"yoast_head":"<!-- This site is optimized with the Yoast SEO plugin v27.4 - https:\/\/yoast.com\/product\/yoast-seo-wordpress\/ -->\n<title>Impressum - Dual Career Netzwerk Bodensee<\/title>\n<meta name=\"robots\" content=\"index, follow, max-snippet:-1, max-image-preview:large, max-video-preview:-1\" \/>\n<link rel=\"canonical\" href=\"https:\/\/www.dual-career-am-see.de\/index.php\/impressum\/\" \/>\n<meta property=\"og:locale\" content=\"de_DE\" \/>\n<meta property=\"og:type\" content=\"article\" \/>\n<meta property=\"og:title\" content=\"Impressum - Dual Career Netzwerk Bodensee\" \/>\n<meta property=\"og:description\" content=\"Impressum Das Dual Career Netzwerk Bodensee wird rechtlich vertreten durch: Kerstin MelzerReferentin f\u00fcr Personalentwicklung und Dual CareerUniversit\u00e4t Konstanz Kontakt:kerstin.melzer@uni.kn+49 7531 88-2430 Verantwortlich f\u00fcr den Inhalt dieser Seite ist: Kerstin MelzerReferentin f\u00fcr Personalentwicklung und Dual CareerUniversit\u00e4t Konstanz Kontakt:kerstin.melzer@uni.kn+49 7531 88-2430 Haftungsausschluss Die Querverweise (externe Links) auf www.dual-career-am-see.de dienen lediglich der weiteren Information. F\u00fcr den Inhalt und&hellip;&nbsp;Weiterlesen &raquo;Impressum\" \/>\n<meta property=\"og:url\" content=\"https:\/\/www.dual-career-am-see.de\/index.php\/impressum\/\" \/>\n<meta property=\"og:site_name\" content=\"Dual Career Netzwerk Bodensee\" \/>\n<meta property=\"article:modified_time\" content=\"2023-01-17T12:16:45+00:00\" \/>\n<meta name=\"twitter:card\" content=\"summary_large_image\" \/>\n<meta name=\"twitter:label1\" content=\"Gesch\u00e4tzte Lesezeit\" \/>\n\t<meta name=\"twitter:data1\" content=\"1\u00a0Minute\" \/>\n<script type=\"application\/ld+json\" class=\"yoast-schema-graph\">{\"@context\":\"https:\\\/\\\/schema.org\",\"@graph\":[{\"@type\":\"WebPage\",\"@id\":\"https:\\\/\\\/www.dual-career-am-see.de\\\/index.php\\\/impressum\\\/\",\"url\":\"https:\\\/\\\/www.dual-career-am-see.de\\\/index.php\\\/impressum\\\/\",\"name\":\"Impressum - Dual Career Netzwerk Bodensee\",\"isPartOf\":{\"@id\":\"https:\\\/\\\/www.dual-career-am-see.de\\\/#website\"},\"datePublished\":\"2020-09-10T13:48:17+00:00\",\"dateModified\":\"2023-01-17T12:16:45+00:00\",\"breadcrumb\":{\"@id\":\"https:\\\/\\\/www.dual-career-am-see.de\\\/index.php\\\/impressum\\\/#breadcrumb\"},\"inLanguage\":\"de\",\"potentialAction\":[{\"@type\":\"ReadAction\",\"target\":[\"https:\\\/\\\/www.dual-career-am-see.de\\\/index.php\\\/impressum\\\/\"]}]},{\"@type\":\"BreadcrumbList\",\"@id\":\"https:\\\/\\\/www.dual-career-am-see.de\\\/index.php\\\/impressum\\\/#breadcrumb\",\"itemListElement\":[{\"@type\":\"ListItem\",\"position\":1,\"name\":\"Startseite\",\"item\":\"https:\\\/\\\/www.dual-career-am-see.de\\\/\"},{\"@type\":\"ListItem\",\"position\":2,\"name\":\"Impressum\"}]},{\"@type\":\"WebSite\",\"@id\":\"https:\\\/\\\/www.dual-career-am-see.de\\\/#website\",\"url\":\"https:\\\/\\\/www.dual-career-am-see.de\\\/\",\"name\":\"Dual Career Netzwerk Bodensee\",\"description\":\"\",\"publisher\":{\"@id\":\"https:\\\/\\\/www.dual-career-am-see.de\\\/#organization\"},\"potentialAction\":[{\"@type\":\"SearchAction\",\"target\":{\"@type\":\"EntryPoint\",\"urlTemplate\":\"https:\\\/\\\/www.dual-career-am-see.de\\\/?s={search_term_string}\"},\"query-input\":{\"@type\":\"PropertyValueSpecification\",\"valueRequired\":true,\"valueName\":\"search_term_string\"}}],\"inLanguage\":\"de\"},{\"@type\":\"Organization\",\"@id\":\"https:\\\/\\\/www.dual-career-am-see.de\\\/#organization\",\"name\":\"Dual Career Netzwerk Bodensee\",\"url\":\"https:\\\/\\\/www.dual-career-am-see.de\\\/\",\"logo\":{\"@type\":\"ImageObject\",\"inLanguage\":\"de\",\"@id\":\"https:\\\/\\\/www.dual-career-am-see.de\\\/#\\\/schema\\\/logo\\\/image\\\/\",\"url\":\"https:\\\/\\\/www.dual-career-am-see.de\\\/wp-content\\\/uploads\\\/2020\\\/09\\\/cropped-DualCareerNetzwerkBodensee_Logo-200x120mm.png\",\"contentUrl\":\"https:\\\/\\\/www.dual-career-am-see.de\\\/wp-content\\\/uploads\\\/2020\\\/09\\\/cropped-DualCareerNetzwerkBodensee_Logo-200x120mm.png\",\"width\":2362,\"height\":1417,\"caption\":\"Dual Career Netzwerk Bodensee\"},\"image\":{\"@id\":\"https:\\\/\\\/www.dual-career-am-see.de\\\/#\\\/schema\\\/logo\\\/image\\\/\"}}]}<\/script>\n<!-- \/ Yoast SEO plugin. -->","yoast_head_json":{"title":"Impressum - Dual Career Netzwerk Bodensee","robots":{"index":"index","follow":"follow","max-snippet":"max-snippet:-1","max-image-preview":"max-image-preview:large","max-video-preview":"max-video-preview:-1"},"canonical":"https:\/\/www.dual-career-am-see.de\/index.php\/impressum\/","og_locale":"de_DE","og_type":"article","og_title":"Impressum - Dual Career Netzwerk Bodensee","og_description":"Impressum Das Dual Career Netzwerk Bodensee wird rechtlich vertreten durch: Kerstin MelzerReferentin f\u00fcr Personalentwicklung und Dual CareerUniversit\u00e4t Konstanz Kontakt:kerstin.melzer@uni.kn+49 7531 88-2430 Verantwortlich f\u00fcr den Inhalt dieser Seite ist: Kerstin MelzerReferentin f\u00fcr Personalentwicklung und Dual CareerUniversit\u00e4t Konstanz Kontakt:kerstin.melzer@uni.kn+49 7531 88-2430 Haftungsausschluss Die Querverweise (externe Links) auf www.dual-career-am-see.de dienen lediglich der weiteren Information. F\u00fcr den Inhalt und&hellip;&nbsp;Weiterlesen &raquo;Impressum","og_url":"https:\/\/www.dual-career-am-see.de\/index.php\/impressum\/","og_site_name":"Dual Career Netzwerk Bodensee","article_modified_time":"2023-01-17T12:16:45+00:00","twitter_card":"summary_large_image","twitter_misc":{"Gesch\u00e4tzte Lesezeit":"1\u00a0Minute"},"schema":{"@context":"https:\/\/schema.org","@graph":[{"@type":"WebPage","@id":"https:\/\/www.dual-career-am-see.de\/index.php\/impressum\/","url":"https:\/\/www.dual-career-am-see.de\/index.php\/impressum\/","name":"Impressum - Dual Career Netzwerk Bodensee","isPartOf":{"@id":"https:\/\/www.dual-career-am-see.de\/#website"},"datePublished":"2020-09-10T13:48:17+00:00","dateModified":"2023-01-17T12:16:45+00:00","breadcrumb":{"@id":"https:\/\/www.dual-career-am-see.de\/index.php\/impressum\/#breadcrumb"},"inLanguage":"de","potentialAction":[{"@type":"ReadAction","target":["https:\/\/www.dual-career-am-see.de\/index.php\/impressum\/"]}]},{"@type":"BreadcrumbList","@id":"https:\/\/www.dual-career-am-see.de\/index.php\/impressum\/#breadcrumb","itemListElement":[{"@type":"ListItem","position":1,"name":"Startseite","item":"https:\/\/www.dual-career-am-see.de\/"},{"@type":"ListItem","position":2,"name":"Impressum"}]},{"@type":"WebSite","@id":"https:\/\/www.dual-career-am-see.de\/#website","url":"https:\/\/www.dual-career-am-see.de\/","name":"Dual Career Netzwerk Bodensee","description":"","publisher":{"@id":"https:\/\/www.dual-career-am-see.de\/#organization"},"potentialAction":[{"@type":"SearchAction","target":{"@type":"EntryPoint","urlTemplate":"https:\/\/www.dual-career-am-see.de\/?s={search_term_string}"},"query-input":{"@type":"PropertyValueSpecification","valueRequired":true,"valueName":"search_term_string"}}],"inLanguage":"de"},{"@type":"Organization","@id":"https:\/\/www.dual-career-am-see.de\/#organization","name":"Dual Career Netzwerk Bodensee","url":"https:\/\/www.dual-career-am-see.de\/","logo":{"@type":"ImageObject","inLanguage":"de","@id":"https:\/\/www.dual-career-am-see.de\/#\/schema\/logo\/image\/","url":"https:\/\/www.dual-career-am-see.de\/wp-content\/uploads\/2020\/09\/cropped-DualCareerNetzwerkBodensee_Logo-200x120mm.png","contentUrl":"https:\/\/www.dual-career-am-see.de\/wp-content\/uploads\/2020\/09\/cropped-DualCareerNetzwerkBodensee_Logo-200x120mm.png","width":2362,"height":1417,"caption":"Dual Career Netzwerk Bodensee"},"image":{"@id":"https:\/\/www.dual-career-am-see.de\/#\/schema\/logo\/image\/"}}]}},"_links":{"self":[{"href":"https:\/\/www.dual-career-am-see.de\/index.php\/wp-json\/wp\/v2\/pages\/361","targetHints":{"allow":["GET"]}}],"collection":[{"href":"https:\/\/www.dual-career-am-see.de\/index.php\/wp-json\/wp\/v2\/pages"}],"about":[{"href":"https:\/\/www.dual-career-am-see.de\/index.php\/wp-json\/wp\/v2\/types\/page"}],"author":[{"embeddable":true,"href":"https:\/\/www.dual-career-am-see.de\/index.php\/wp-json\/wp\/v2\/users\/2"}],"replies":[{"embeddable":true,"href":"https:\/\/www.dual-career-am-see.de\/index.php\/wp-json\/wp\/v2\/comments?post=361"}],"version-history":[{"count":10,"href":"https:\/\/www.dual-career-am-see.de\/index.php\/wp-json\/wp\/v2\/pages\/361\/revisions"}],"predecessor-version":[{"id":472,"href":"https:\/\/www.dual-career-am-see.de\/index.php\/wp-json\/wp\/v2\/pages\/361\/revisions\/472"}],"wp:attachment":[{"href":"https:\/\/www.dual-career-am-see.de\/index.php\/wp-json\/wp\/v2\/media?parent=361"}],"curies":[{"name":"wp","href":"https:\/\/api.w.org\/{rel}","templated":true}]}}