{"id":215,"date":"2020-08-04T20:49:41","date_gmt":"2020-08-04T20:49:41","guid":{"rendered":"https:\/\/www.dual-career-am-see.de\/?page_id=215"},"modified":"2023-01-17T12:16:44","modified_gmt":"2023-01-17T12:16:44","slug":"dual-career-paare-unterstuetzen","status":"publish","type":"page","link":"https:\/\/www.dual-career-am-see.de\/index.php\/dual-career-paare-unterstuetzen\/","title":{"rendered":"Dual Career"},"content":{"rendered":"\t\t<div data-elementor-type=\"wp-page\" data-elementor-id=\"215\" class=\"elementor elementor-215\">\n\t\t\t\t\t\t<section class=\"elementor-section elementor-top-section elementor-element elementor-element-85b051e elementor-section-boxed elementor-section-height-default elementor-section-height-default\" data-id=\"85b051e\" data-element_type=\"section\">\n\t\t\t\t\t\t<div class=\"elementor-container elementor-column-gap-default\">\n\t\t\t\t\t<div class=\"elementor-column elementor-col-100 elementor-top-column elementor-element elementor-element-3fb0b28\" data-id=\"3fb0b28\" data-element_type=\"column\">\n\t\t\t<div class=\"elementor-widget-wrap elementor-element-populated\">\n\t\t\t\t\t\t<div class=\"elementor-element elementor-element-1ca2cd4 elementor-widget elementor-widget-heading\" data-id=\"1ca2cd4\" data-element_type=\"widget\" data-widget_type=\"heading.default\">\n\t\t\t\t<div class=\"elementor-widget-container\">\n\t\t\t\t\t<h3 class=\"elementor-heading-title elementor-size-default\">Warum Dual Career Paare unterst\u00fctzen? <\/h3>\t\t\t\t<\/div>\n\t\t\t\t<\/div>\n\t\t\t\t\t<\/div>\n\t\t<\/div>\n\t\t\t\t\t<\/div>\n\t\t<\/section>\n\t\t\t\t<section class=\"elementor-section elementor-top-section elementor-element elementor-element-511c29a elementor-section-boxed elementor-section-height-default elementor-section-height-default\" data-id=\"511c29a\" data-element_type=\"section\">\n\t\t\t\t\t\t<div class=\"elementor-container elementor-column-gap-default\">\n\t\t\t\t\t<div class=\"elementor-column elementor-col-100 elementor-top-column elementor-element elementor-element-5a00039\" data-id=\"5a00039\" data-element_type=\"column\">\n\t\t\t<div class=\"elementor-widget-wrap elementor-element-populated\">\n\t\t\t\t\t\t<div class=\"elementor-element elementor-element-8f9a9f0 elementor-widget elementor-widget-text-editor\" data-id=\"8f9a9f0\" data-element_type=\"widget\" data-widget_type=\"text-editor.default\">\n\t\t\t\t<div class=\"elementor-widget-container\">\n\t\t\t\t\t\t\t\t\t<p>Der Begriff \u201eDual Career\u201c bezeichnet Paare, in denen beide Lebenspartner*innen qualifiziert bis hochqualifiziert sind und eigene berufliche Ziele verfolgen. Die Entscheidung aus beruflichen Gr\u00fcnden den Lebensmittelpunkt zu ver\u00e4ndern, h\u00e4ngt f\u00fcr sie davon ab, wie schnell sich Karriereperspektiven f\u00fcr den mitziehenden Partner oder die mitziehende Partnerin am neuen Standort zeigen. Arbeitgeber, die ihnen dabei z\u00fcgig Informationen und Kontakte bieten k\u00f6nnen, sind klar im Vorteil:<\/p><p>Sie erleichtern den Entscheidungsprozess ihrer Wunschkandidat*innen und beschleunigen somit Personalauswahlprozesse. Dieses Engagement zeigt neuen Mitarbeiter*innen au\u00dferdem, dass sie von Anfang an im Unternehmen oder an der Hochschule willkommen sind und ist eine Investition in die Personalbindung und Familienfreundlichkeit.<\/p><p>Gerade Arbeitgeber, die abseits von beliebten Metropolregionen und Ballungsr\u00e4umen angesiedelt sind, sind gefragt, innovative Angebote zu entwickeln, um den Fach- und F\u00fchrungskr\u00e4ftebedarf f\u00fcr ihre Standorte zu sichern. Dies gilt auch f\u00fcr den Bodenseeraum. Dieser ist zwar f\u00fcr seine touristischen Glanzlichter bekannt, welche Branchen und attraktiven Arbeitgeber er bietet, wei\u00df man hingegen au\u00dferhalb der Region kaum.<\/p>\t\t\t\t\t\t\t\t<\/div>\n\t\t\t\t<\/div>\n\t\t\t\t\t<\/div>\n\t\t<\/div>\n\t\t\t\t\t<\/div>\n\t\t<\/section>\n\t\t\t\t<section class=\"elementor-section elementor-top-section elementor-element elementor-element-f450e39 elementor-section-boxed elementor-section-height-default elementor-section-height-default\" data-id=\"f450e39\" data-element_type=\"section\">\n\t\t\t\t\t\t<div class=\"elementor-container elementor-column-gap-default\">\n\t\t\t\t\t<div class=\"elementor-column elementor-col-100 elementor-top-column elementor-element elementor-element-709d5e6\" data-id=\"709d5e6\" data-element_type=\"column\">\n\t\t\t<div class=\"elementor-widget-wrap elementor-element-populated\">\n\t\t\t\t\t\t<div class=\"elementor-element elementor-element-74e209e elementor-widget elementor-widget-heading\" data-id=\"74e209e\" data-element_type=\"widget\" data-widget_type=\"heading.default\">\n\t\t\t\t<div class=\"elementor-widget-container\">\n\t\t\t\t\t<h3 class=\"elementor-heading-title elementor-size-default\">Wie Dual Career Paare unterst\u00fctzen?\n<\/h3>\t\t\t\t<\/div>\n\t\t\t\t<\/div>\n\t\t\t\t\t<\/div>\n\t\t<\/div>\n\t\t\t\t\t<\/div>\n\t\t<\/section>\n\t\t\t\t<section class=\"elementor-section elementor-top-section elementor-element elementor-element-1dfcc9d elementor-section-boxed elementor-section-height-default elementor-section-height-default\" data-id=\"1dfcc9d\" data-element_type=\"section\">\n\t\t\t\t\t\t<div class=\"elementor-container elementor-column-gap-default\">\n\t\t\t\t\t<div class=\"elementor-column elementor-col-100 elementor-top-column elementor-element elementor-element-a3634a7\" data-id=\"a3634a7\" data-element_type=\"column\">\n\t\t\t<div class=\"elementor-widget-wrap elementor-element-populated\">\n\t\t\t\t\t\t<div class=\"elementor-element elementor-element-e60d70b elementor-widget elementor-widget-text-editor\" data-id=\"e60d70b\" data-element_type=\"widget\" data-widget_type=\"text-editor.default\">\n\t\t\t\t<div class=\"elementor-widget-container\">\n\t\t\t\t\t\t\t\t\t<p>Die Unterst\u00fctzung von Dual Career Paaren spielt an Universit\u00e4ten seit Ende der 2000er Jahre eine gro\u00dfe Rolle: zunehmender Wettbewerb um die besten K\u00f6pfe weltweit und das Ziel, familienfreundliche Strukturen zu schaffen, haben einen regelrechten Boom an Dual Career Services in der Wissenschaftslandschaft ausgel\u00f6st. Diese B\u00fcros stehen den Dual Career Partner*innen mit ma\u00dfgeschneiderter Information und Beratung zur Seite und beschleunigen so ihre Stellensuche.<\/p><p>Aber keine Angst: auch mit deutlich weniger Ressourceneinsatz lassen sich mitziehende Partner*innen effektiv unterst\u00fctzen. Entscheidend ist, dass Perspektiven, wie es beruflich weitergehen k\u00f6nnte,\u00a0 entwickelt und Kontakte vermittelt werden. Daf\u00fcr steht unser Netzwerk \u2013 werden Sie Teil von uns!<\/p><p>\u00dcbrigens: Auch andere Regionen haben den Nutzen von Dual Career Netzwerken erkannt. Bundesweit gibt es rund 20 verschiedene regionale Netzwerke, in denen sich Arbeitgeber verschiedenerer Branchen zusammengetan haben, um die mitziehenden Partner*innen zu unterst\u00fctzen. Auch in \u00d6sterreich und der Schweiz gibt es mehrere Dual Career Netzwerke.<\/p>\t\t\t\t\t\t\t\t<\/div>\n\t\t\t\t<\/div>\n\t\t\t\t\t<\/div>\n\t\t<\/div>\n\t\t\t\t\t<\/div>\n\t\t<\/section>\n\t\t\t\t<section class=\"elementor-section elementor-top-section elementor-element elementor-element-2e6958d elementor-section-boxed elementor-section-height-default elementor-section-height-default\" data-id=\"2e6958d\" data-element_type=\"section\">\n\t\t\t\t\t\t<div class=\"elementor-container elementor-column-gap-default\">\n\t\t\t\t\t<div class=\"elementor-column elementor-col-100 elementor-top-column elementor-element elementor-element-c91c9c0\" data-id=\"c91c9c0\" data-element_type=\"column\">\n\t\t\t<div class=\"elementor-widget-wrap elementor-element-populated\">\n\t\t\t\t\t\t<div class=\"elementor-element elementor-element-6602230 elementor-widget elementor-widget-image\" data-id=\"6602230\" data-element_type=\"widget\" data-widget_type=\"image.default\">\n\t\t\t\t<div class=\"elementor-widget-container\">\n\t\t\t\t\t\t\t\t\t\t\t\t\t\t\t<img fetchpriority=\"high\" decoding=\"async\" width=\"1024\" height=\"633\" src=\"https:\/\/www.dual-career-am-see.de\/wp-content\/uploads\/2020\/09\/chris-mai-ZPNXOOSCsOI-unsplash-1024x633.jpg\" class=\"attachment-large size-large wp-image-408\" alt=\"\" srcset=\"https:\/\/www.dual-career-am-see.de\/wp-content\/uploads\/2020\/09\/chris-mai-ZPNXOOSCsOI-unsplash-1024x633.jpg 1024w, https:\/\/www.dual-career-am-see.de\/wp-content\/uploads\/2020\/09\/chris-mai-ZPNXOOSCsOI-unsplash-300x185.jpg 300w, https:\/\/www.dual-career-am-see.de\/wp-content\/uploads\/2020\/09\/chris-mai-ZPNXOOSCsOI-unsplash-768x475.jpg 768w, https:\/\/www.dual-career-am-see.de\/wp-content\/uploads\/2020\/09\/chris-mai-ZPNXOOSCsOI-unsplash-1536x949.jpg 1536w, https:\/\/www.dual-career-am-see.de\/wp-content\/uploads\/2020\/09\/chris-mai-ZPNXOOSCsOI-unsplash-2048x1265.jpg 2048w\" sizes=\"(max-width: 1024px) 100vw, 1024px\" \/>\t\t\t\t\t\t\t\t\t\t\t\t\t\t\t<\/div>\n\t\t\t\t<\/div>\n\t\t\t\t\t<\/div>\n\t\t<\/div>\n\t\t\t\t\t<\/div>\n\t\t<\/section>\n\t\t\t\t<\/div>\n\t\t","protected":false},"excerpt":{"rendered":"<p>Warum Dual Career Paare unterst\u00fctzen? Der Begriff \u201eDual Career\u201c bezeichnet Paare, in denen beide Lebenspartner*innen qualifiziert bis hochqualifiziert sind und eigene berufliche Ziele verfolgen. Die Entscheidung aus beruflichen Gr\u00fcnden den Lebensmittelpunkt zu ver\u00e4ndern, h\u00e4ngt f\u00fcr sie davon ab, wie schnell sich Karriereperspektiven f\u00fcr den mitziehenden Partner oder die mitziehende Partnerin am neuen Standort zeigen. Arbeitgeber,&hellip;&nbsp;<a href=\"https:\/\/www.dual-career-am-see.de\/index.php\/dual-career-paare-unterstuetzen\/\" rel=\"bookmark\">Weiterlesen &raquo;<span class=\"screen-reader-text\">Dual Career<\/span><\/a><\/p>\n","protected":false},"author":2,"featured_media":0,"parent":0,"menu_order":0,"comment_status":"closed","ping_status":"closed","template":"","meta":{"neve_meta_sidebar":"","neve_meta_container":"","neve_meta_enable_content_width":"off","neve_meta_content_width":0,"neve_meta_title_alignment":"","neve_meta_author_avatar":"","neve_post_elements_order":"","neve_meta_disable_header":"","neve_meta_disable_footer":"","neve_meta_disable_title":"","footnotes":""},"class_list":["post-215","page","type-page","status-publish","hentry"],"yoast_head":"<!-- This site is optimized with the Yoast SEO plugin v27.5 - https:\/\/yoast.com\/product\/yoast-seo-wordpress\/ -->\n<title>Dual Career - Dual Career Netzwerk Bodensee<\/title>\n<meta name=\"robots\" content=\"index, follow, max-snippet:-1, max-image-preview:large, max-video-preview:-1\" \/>\n<link rel=\"canonical\" href=\"https:\/\/www.dual-career-am-see.de\/index.php\/dual-career-paare-unterstuetzen\/\" \/>\n<meta property=\"og:locale\" content=\"de_DE\" \/>\n<meta property=\"og:type\" content=\"article\" \/>\n<meta property=\"og:title\" content=\"Dual Career - Dual Career Netzwerk Bodensee\" \/>\n<meta property=\"og:description\" content=\"Warum Dual Career Paare unterst\u00fctzen? Der Begriff \u201eDual Career\u201c bezeichnet Paare, in denen beide Lebenspartner*innen qualifiziert bis hochqualifiziert sind und eigene berufliche Ziele verfolgen. Die Entscheidung aus beruflichen Gr\u00fcnden den Lebensmittelpunkt zu ver\u00e4ndern, h\u00e4ngt f\u00fcr sie davon ab, wie schnell sich Karriereperspektiven f\u00fcr den mitziehenden Partner oder die mitziehende Partnerin am neuen Standort zeigen. Arbeitgeber,&hellip;&nbsp;Weiterlesen &raquo;Dual Career\" \/>\n<meta property=\"og:url\" content=\"https:\/\/www.dual-career-am-see.de\/index.php\/dual-career-paare-unterstuetzen\/\" \/>\n<meta property=\"og:site_name\" content=\"Dual Career Netzwerk Bodensee\" \/>\n<meta property=\"article:modified_time\" content=\"2023-01-17T12:16:44+00:00\" \/>\n<meta property=\"og:image\" content=\"https:\/\/www.dual-career-am-see.de\/wp-content\/uploads\/2020\/09\/chris-mai-ZPNXOOSCsOI-unsplash-1024x633.jpg\" \/>\n<meta name=\"twitter:card\" content=\"summary_large_image\" \/>\n<meta name=\"twitter:label1\" content=\"Gesch\u00e4tzte Lesezeit\" \/>\n\t<meta name=\"twitter:data1\" content=\"2\u00a0Minuten\" \/>\n<script type=\"application\/ld+json\" class=\"yoast-schema-graph\">{\"@context\":\"https:\\\/\\\/schema.org\",\"@graph\":[{\"@type\":\"WebPage\",\"@id\":\"https:\\\/\\\/www.dual-career-am-see.de\\\/index.php\\\/dual-career-paare-unterstuetzen\\\/\",\"url\":\"https:\\\/\\\/www.dual-career-am-see.de\\\/index.php\\\/dual-career-paare-unterstuetzen\\\/\",\"name\":\"Dual Career - Dual Career Netzwerk Bodensee\",\"isPartOf\":{\"@id\":\"https:\\\/\\\/www.dual-career-am-see.de\\\/#website\"},\"primaryImageOfPage\":{\"@id\":\"https:\\\/\\\/www.dual-career-am-see.de\\\/index.php\\\/dual-career-paare-unterstuetzen\\\/#primaryimage\"},\"image\":{\"@id\":\"https:\\\/\\\/www.dual-career-am-see.de\\\/index.php\\\/dual-career-paare-unterstuetzen\\\/#primaryimage\"},\"thumbnailUrl\":\"https:\\\/\\\/www.dual-career-am-see.de\\\/wp-content\\\/uploads\\\/2020\\\/09\\\/chris-mai-ZPNXOOSCsOI-unsplash-1024x633.jpg\",\"datePublished\":\"2020-08-04T20:49:41+00:00\",\"dateModified\":\"2023-01-17T12:16:44+00:00\",\"breadcrumb\":{\"@id\":\"https:\\\/\\\/www.dual-career-am-see.de\\\/index.php\\\/dual-career-paare-unterstuetzen\\\/#breadcrumb\"},\"inLanguage\":\"de\",\"potentialAction\":[{\"@type\":\"ReadAction\",\"target\":[\"https:\\\/\\\/www.dual-career-am-see.de\\\/index.php\\\/dual-career-paare-unterstuetzen\\\/\"]}]},{\"@type\":\"ImageObject\",\"inLanguage\":\"de\",\"@id\":\"https:\\\/\\\/www.dual-career-am-see.de\\\/index.php\\\/dual-career-paare-unterstuetzen\\\/#primaryimage\",\"url\":\"https:\\\/\\\/www.dual-career-am-see.de\\\/wp-content\\\/uploads\\\/2020\\\/09\\\/chris-mai-ZPNXOOSCsOI-unsplash.jpg\",\"contentUrl\":\"https:\\\/\\\/www.dual-career-am-see.de\\\/wp-content\\\/uploads\\\/2020\\\/09\\\/chris-mai-ZPNXOOSCsOI-unsplash.jpg\",\"width\":2400,\"height\":1483},{\"@type\":\"BreadcrumbList\",\"@id\":\"https:\\\/\\\/www.dual-career-am-see.de\\\/index.php\\\/dual-career-paare-unterstuetzen\\\/#breadcrumb\",\"itemListElement\":[{\"@type\":\"ListItem\",\"position\":1,\"name\":\"Startseite\",\"item\":\"https:\\\/\\\/www.dual-career-am-see.de\\\/\"},{\"@type\":\"ListItem\",\"position\":2,\"name\":\"Dual Career\"}]},{\"@type\":\"WebSite\",\"@id\":\"https:\\\/\\\/www.dual-career-am-see.de\\\/#website\",\"url\":\"https:\\\/\\\/www.dual-career-am-see.de\\\/\",\"name\":\"Dual Career Netzwerk Bodensee\",\"description\":\"\",\"publisher\":{\"@id\":\"https:\\\/\\\/www.dual-career-am-see.de\\\/#organization\"},\"potentialAction\":[{\"@type\":\"SearchAction\",\"target\":{\"@type\":\"EntryPoint\",\"urlTemplate\":\"https:\\\/\\\/www.dual-career-am-see.de\\\/?s={search_term_string}\"},\"query-input\":{\"@type\":\"PropertyValueSpecification\",\"valueRequired\":true,\"valueName\":\"search_term_string\"}}],\"inLanguage\":\"de\"},{\"@type\":\"Organization\",\"@id\":\"https:\\\/\\\/www.dual-career-am-see.de\\\/#organization\",\"name\":\"Dual Career Netzwerk Bodensee\",\"url\":\"https:\\\/\\\/www.dual-career-am-see.de\\\/\",\"logo\":{\"@type\":\"ImageObject\",\"inLanguage\":\"de\",\"@id\":\"https:\\\/\\\/www.dual-career-am-see.de\\\/#\\\/schema\\\/logo\\\/image\\\/\",\"url\":\"https:\\\/\\\/www.dual-career-am-see.de\\\/wp-content\\\/uploads\\\/2020\\\/09\\\/cropped-DualCareerNetzwerkBodensee_Logo-200x120mm.png\",\"contentUrl\":\"https:\\\/\\\/www.dual-career-am-see.de\\\/wp-content\\\/uploads\\\/2020\\\/09\\\/cropped-DualCareerNetzwerkBodensee_Logo-200x120mm.png\",\"width\":2362,\"height\":1417,\"caption\":\"Dual Career Netzwerk Bodensee\"},\"image\":{\"@id\":\"https:\\\/\\\/www.dual-career-am-see.de\\\/#\\\/schema\\\/logo\\\/image\\\/\"}}]}<\/script>\n<!-- \/ Yoast SEO plugin. -->","yoast_head_json":{"title":"Dual Career - Dual Career Netzwerk Bodensee","robots":{"index":"index","follow":"follow","max-snippet":"max-snippet:-1","max-image-preview":"max-image-preview:large","max-video-preview":"max-video-preview:-1"},"canonical":"https:\/\/www.dual-career-am-see.de\/index.php\/dual-career-paare-unterstuetzen\/","og_locale":"de_DE","og_type":"article","og_title":"Dual Career - Dual Career Netzwerk Bodensee","og_description":"Warum Dual Career Paare unterst\u00fctzen? Der Begriff \u201eDual Career\u201c bezeichnet Paare, in denen beide Lebenspartner*innen qualifiziert bis hochqualifiziert sind und eigene berufliche Ziele verfolgen. Die Entscheidung aus beruflichen Gr\u00fcnden den Lebensmittelpunkt zu ver\u00e4ndern, h\u00e4ngt f\u00fcr sie davon ab, wie schnell sich Karriereperspektiven f\u00fcr den mitziehenden Partner oder die mitziehende Partnerin am neuen Standort zeigen. Arbeitgeber,&hellip;&nbsp;Weiterlesen &raquo;Dual Career","og_url":"https:\/\/www.dual-career-am-see.de\/index.php\/dual-career-paare-unterstuetzen\/","og_site_name":"Dual Career Netzwerk Bodensee","article_modified_time":"2023-01-17T12:16:44+00:00","og_image":[{"url":"https:\/\/www.dual-career-am-see.de\/wp-content\/uploads\/2020\/09\/chris-mai-ZPNXOOSCsOI-unsplash-1024x633.jpg","type":"","width":"","height":""}],"twitter_card":"summary_large_image","twitter_misc":{"Gesch\u00e4tzte Lesezeit":"2\u00a0Minuten"},"schema":{"@context":"https:\/\/schema.org","@graph":[{"@type":"WebPage","@id":"https:\/\/www.dual-career-am-see.de\/index.php\/dual-career-paare-unterstuetzen\/","url":"https:\/\/www.dual-career-am-see.de\/index.php\/dual-career-paare-unterstuetzen\/","name":"Dual Career - Dual Career Netzwerk Bodensee","isPartOf":{"@id":"https:\/\/www.dual-career-am-see.de\/#website"},"primaryImageOfPage":{"@id":"https:\/\/www.dual-career-am-see.de\/index.php\/dual-career-paare-unterstuetzen\/#primaryimage"},"image":{"@id":"https:\/\/www.dual-career-am-see.de\/index.php\/dual-career-paare-unterstuetzen\/#primaryimage"},"thumbnailUrl":"https:\/\/www.dual-career-am-see.de\/wp-content\/uploads\/2020\/09\/chris-mai-ZPNXOOSCsOI-unsplash-1024x633.jpg","datePublished":"2020-08-04T20:49:41+00:00","dateModified":"2023-01-17T12:16:44+00:00","breadcrumb":{"@id":"https:\/\/www.dual-career-am-see.de\/index.php\/dual-career-paare-unterstuetzen\/#breadcrumb"},"inLanguage":"de","potentialAction":[{"@type":"ReadAction","target":["https:\/\/www.dual-career-am-see.de\/index.php\/dual-career-paare-unterstuetzen\/"]}]},{"@type":"ImageObject","inLanguage":"de","@id":"https:\/\/www.dual-career-am-see.de\/index.php\/dual-career-paare-unterstuetzen\/#primaryimage","url":"https:\/\/www.dual-career-am-see.de\/wp-content\/uploads\/2020\/09\/chris-mai-ZPNXOOSCsOI-unsplash.jpg","contentUrl":"https:\/\/www.dual-career-am-see.de\/wp-content\/uploads\/2020\/09\/chris-mai-ZPNXOOSCsOI-unsplash.jpg","width":2400,"height":1483},{"@type":"BreadcrumbList","@id":"https:\/\/www.dual-career-am-see.de\/index.php\/dual-career-paare-unterstuetzen\/#breadcrumb","itemListElement":[{"@type":"ListItem","position":1,"name":"Startseite","item":"https:\/\/www.dual-career-am-see.de\/"},{"@type":"ListItem","position":2,"name":"Dual Career"}]},{"@type":"WebSite","@id":"https:\/\/www.dual-career-am-see.de\/#website","url":"https:\/\/www.dual-career-am-see.de\/","name":"Dual Career Netzwerk Bodensee","description":"","publisher":{"@id":"https:\/\/www.dual-career-am-see.de\/#organization"},"potentialAction":[{"@type":"SearchAction","target":{"@type":"EntryPoint","urlTemplate":"https:\/\/www.dual-career-am-see.de\/?s={search_term_string}"},"query-input":{"@type":"PropertyValueSpecification","valueRequired":true,"valueName":"search_term_string"}}],"inLanguage":"de"},{"@type":"Organization","@id":"https:\/\/www.dual-career-am-see.de\/#organization","name":"Dual Career Netzwerk Bodensee","url":"https:\/\/www.dual-career-am-see.de\/","logo":{"@type":"ImageObject","inLanguage":"de","@id":"https:\/\/www.dual-career-am-see.de\/#\/schema\/logo\/image\/","url":"https:\/\/www.dual-career-am-see.de\/wp-content\/uploads\/2020\/09\/cropped-DualCareerNetzwerkBodensee_Logo-200x120mm.png","contentUrl":"https:\/\/www.dual-career-am-see.de\/wp-content\/uploads\/2020\/09\/cropped-DualCareerNetzwerkBodensee_Logo-200x120mm.png","width":2362,"height":1417,"caption":"Dual Career Netzwerk Bodensee"},"image":{"@id":"https:\/\/www.dual-career-am-see.de\/#\/schema\/logo\/image\/"}}]}},"_links":{"self":[{"href":"https:\/\/www.dual-career-am-see.de\/index.php\/wp-json\/wp\/v2\/pages\/215","targetHints":{"allow":["GET"]}}],"collection":[{"href":"https:\/\/www.dual-career-am-see.de\/index.php\/wp-json\/wp\/v2\/pages"}],"about":[{"href":"https:\/\/www.dual-career-am-see.de\/index.php\/wp-json\/wp\/v2\/types\/page"}],"author":[{"embeddable":true,"href":"https:\/\/www.dual-career-am-see.de\/index.php\/wp-json\/wp\/v2\/users\/2"}],"replies":[{"embeddable":true,"href":"https:\/\/www.dual-career-am-see.de\/index.php\/wp-json\/wp\/v2\/comments?post=215"}],"version-history":[{"count":17,"href":"https:\/\/www.dual-career-am-see.de\/index.php\/wp-json\/wp\/v2\/pages\/215\/revisions"}],"predecessor-version":[{"id":539,"href":"https:\/\/www.dual-career-am-see.de\/index.php\/wp-json\/wp\/v2\/pages\/215\/revisions\/539"}],"wp:attachment":[{"href":"https:\/\/www.dual-career-am-see.de\/index.php\/wp-json\/wp\/v2\/media?parent=215"}],"curies":[{"name":"wp","href":"https:\/\/api.w.org\/{rel}","templated":true}]}}