{"id":213,"date":"2020-08-04T20:49:41","date_gmt":"2020-08-04T20:49:41","guid":{"rendered":"https:\/\/www.dual-career-am-see.de\/?page_id=213"},"modified":"2024-03-27T13:51:08","modified_gmt":"2024-03-27T13:51:08","slug":"dual-career-netzwerk-bodensee","status":"publish","type":"page","link":"https:\/\/www.dual-career-am-see.de\/index.php\/dual-career-netzwerk-bodensee\/","title":{"rendered":"Das Netzwerk"},"content":{"rendered":"<h3>\u00dcber uns:<\/h3>\n<p>2011 hat sich das Dual Career Netzwerk Bodensee an der Universit\u00e4t Konstanz gegr\u00fcndet. Arbeitgeber aus Wirtschaft, Wissenschaft und Kommunalverwaltung haben sich zusammengeschlossen, um auch den mitziehenden Partner*innen ihrer neuen Mitarbeiter*innen berufliche Perspektiven bieten zu k\u00f6nnen.<\/p>\n<p>Hintergrund ist unsere Erfahrung, dass viele Fach- und F\u00fchrungskr\u00e4fte nicht allein in die Bodenseeregion ziehen, sondern h\u00e4ufig in Partnerschaft leben noch eine weitere Person \u00fcberzeugt werden muss, mit umzuziehen. Diese zweite Person, auch Dual Career Partner*in genannt, m\u00f6chte wissen, wie es f\u00fcr sie am neuen Standort beruflich weitergehen k\u00f6nnte. Tun sich keine Perspektiven auf, z.B. weil es zu wenig Wissen \u00fcber die Arbeitgeber in der Region gibt, ist die Gefahr hoch, dass das Paar und somit auch unser*e Wunschkandidat*in das Angebot ablehnt.<\/p>\n<p>Mit der Dual Career Unterst\u00fctzung tragen wir dazu bei, unsere Wunschkandidat*innen zu gewinnen und die Arbeitswelt familienfreundlicher zu gestalten. Ganz nebenbei wird auch der Bodenseeraum als Wirtschaftsregion gest\u00e4rkt. Denn: die mitziehenden Lebenspartner*innen sind meistens auch gut bis sehr gut qualifiziert und bringen interessante Profile mit.<\/p>\n<h3>Auf einen Blick steht das Dual Career Netzwerk Bodensee daher f\u00fcr:<\/h3>\n<ul>\n<li>Mitziehenden Partner*innen berufliche Perspektiven bieten<\/li>\n<li>Rekrutierungsvorteile sichern<\/li>\n<li>Qualifizierten Personalbedarf decken<\/li>\n<li>Neue Mitarbeiter*innen langfristig binden<\/li>\n<li>Metropolregionen ein eigenes attraktives Profil entgegenstellen<\/li>\n<\/ul>\n<p>\u00dcbrigens: Damit das Dual Career Netzwerk Bodensee grenz\u00fcbergreifend und bundesweit auf dem Laufenden ist, ist es mit der <a href=\"https:\/\/www.bodenseehochschule.org\/ibh-gruendet-gemeinsame-dual-career-initiative\/\">Ad-hoc-Gruppe \u201eDual Career\u201c der Internationalen Bodenseehochschule<\/a> und dem <a href=\"https:\/\/www.dcnd.org\/\">Dual Career Netzwerk Deutschland<\/a> vernetzt.<\/p>\n<p><img loading=\"lazy\" decoding=\"async\" width=\"768\" height=\"504\" src=\"https:\/\/www.dual-career-am-see.de\/wp-content\/uploads\/2020\/08\/efe-kurnaz-Rs5BQj5zbf8-unsplash-768x504.jpg\" alt=\"\" loading=\"lazy\" srcset=\"https:\/\/www.dual-career-am-see.de\/wp-content\/uploads\/2020\/08\/efe-kurnaz-Rs5BQj5zbf8-unsplash-768x504.jpg 768w, https:\/\/www.dual-career-am-see.de\/wp-content\/uploads\/2020\/08\/efe-kurnaz-Rs5BQj5zbf8-unsplash-300x197.jpg 300w, https:\/\/www.dual-career-am-see.de\/wp-content\/uploads\/2020\/08\/efe-kurnaz-Rs5BQj5zbf8-unsplash-1024x673.jpg 1024w, https:\/\/www.dual-career-am-see.de\/wp-content\/uploads\/2020\/08\/efe-kurnaz-Rs5BQj5zbf8-unsplash-1536x1009.jpg 1536w, https:\/\/www.dual-career-am-see.de\/wp-content\/uploads\/2020\/08\/efe-kurnaz-Rs5BQj5zbf8-unsplash-2048x1345.jpg 2048w, https:\/\/www.dual-career-am-see.de\/wp-content\/uploads\/2020\/08\/efe-kurnaz-Rs5BQj5zbf8-unsplash-177x116.jpg 177w\" sizes=\"auto, (max-width: 768px) 100vw, 768px\"><\/p>\n","protected":false},"excerpt":{"rendered":"<p>\u00dcber uns: 2011 hat sich das Dual Career Netzwerk Bodensee an der Universit\u00e4t Konstanz gegr\u00fcndet. Arbeitgeber aus Wirtschaft, Wissenschaft und Kommunalverwaltung haben sich zusammengeschlossen, um auch den mitziehenden Partner*innen ihrer neuen Mitarbeiter*innen berufliche Perspektiven bieten zu k\u00f6nnen. Hintergrund ist unsere Erfahrung, dass viele Fach- und F\u00fchrungskr\u00e4fte nicht allein in die Bodenseeregion ziehen, sondern h\u00e4ufig in&hellip;&nbsp;<a href=\"https:\/\/www.dual-career-am-see.de\/index.php\/dual-career-netzwerk-bodensee\/\" rel=\"bookmark\">Weiterlesen &raquo;<span class=\"screen-reader-text\">Das Netzwerk<\/span><\/a><\/p>\n","protected":false},"author":2,"featured_media":0,"parent":0,"menu_order":0,"comment_status":"closed","ping_status":"closed","template":"","meta":{"neve_meta_sidebar":"","neve_meta_container":"","neve_meta_enable_content_width":"off","neve_meta_content_width":0,"neve_meta_title_alignment":"","neve_meta_author_avatar":"","neve_post_elements_order":"","neve_meta_disable_header":"","neve_meta_disable_footer":"","neve_meta_disable_title":"","footnotes":""},"class_list":["post-213","page","type-page","status-publish","hentry"],"yoast_head":"<!-- This site is optimized with the Yoast SEO plugin v27.4 - https:\/\/yoast.com\/product\/yoast-seo-wordpress\/ -->\n<title>Das Netzwerk - Dual Career Netzwerk Bodensee<\/title>\n<meta name=\"robots\" content=\"index, follow, max-snippet:-1, max-image-preview:large, max-video-preview:-1\" \/>\n<link rel=\"canonical\" href=\"https:\/\/www.dual-career-am-see.de\/index.php\/dual-career-netzwerk-bodensee\/\" \/>\n<meta property=\"og:locale\" content=\"de_DE\" \/>\n<meta property=\"og:type\" content=\"article\" \/>\n<meta property=\"og:title\" content=\"Das Netzwerk - Dual Career Netzwerk Bodensee\" \/>\n<meta property=\"og:description\" content=\"\u00dcber uns: 2011 hat sich das Dual Career Netzwerk Bodensee an der Universit\u00e4t Konstanz gegr\u00fcndet. Arbeitgeber aus Wirtschaft, Wissenschaft und Kommunalverwaltung haben sich zusammengeschlossen, um auch den mitziehenden Partner*innen ihrer neuen Mitarbeiter*innen berufliche Perspektiven bieten zu k\u00f6nnen. Hintergrund ist unsere Erfahrung, dass viele Fach- und F\u00fchrungskr\u00e4fte nicht allein in die Bodenseeregion ziehen, sondern h\u00e4ufig in&hellip;&nbsp;Weiterlesen &raquo;Das Netzwerk\" \/>\n<meta property=\"og:url\" content=\"https:\/\/www.dual-career-am-see.de\/index.php\/dual-career-netzwerk-bodensee\/\" \/>\n<meta property=\"og:site_name\" content=\"Dual Career Netzwerk Bodensee\" \/>\n<meta property=\"article:modified_time\" content=\"2024-03-27T13:51:08+00:00\" \/>\n<meta property=\"og:image\" content=\"https:\/\/www.dual-career-am-see.de\/wp-content\/uploads\/2020\/08\/efe-kurnaz-Rs5BQj5zbf8-unsplash-768x504.jpg\" \/>\n<meta name=\"twitter:card\" content=\"summary_large_image\" \/>\n<meta name=\"twitter:label1\" content=\"Gesch\u00e4tzte Lesezeit\" \/>\n\t<meta name=\"twitter:data1\" content=\"2\u00a0Minuten\" \/>\n<script type=\"application\/ld+json\" class=\"yoast-schema-graph\">{\"@context\":\"https:\\\/\\\/schema.org\",\"@graph\":[{\"@type\":\"WebPage\",\"@id\":\"https:\\\/\\\/www.dual-career-am-see.de\\\/index.php\\\/dual-career-netzwerk-bodensee\\\/\",\"url\":\"https:\\\/\\\/www.dual-career-am-see.de\\\/index.php\\\/dual-career-netzwerk-bodensee\\\/\",\"name\":\"Das Netzwerk - Dual Career Netzwerk Bodensee\",\"isPartOf\":{\"@id\":\"https:\\\/\\\/www.dual-career-am-see.de\\\/#website\"},\"primaryImageOfPage\":{\"@id\":\"https:\\\/\\\/www.dual-career-am-see.de\\\/index.php\\\/dual-career-netzwerk-bodensee\\\/#primaryimage\"},\"image\":{\"@id\":\"https:\\\/\\\/www.dual-career-am-see.de\\\/index.php\\\/dual-career-netzwerk-bodensee\\\/#primaryimage\"},\"thumbnailUrl\":\"https:\\\/\\\/www.dual-career-am-see.de\\\/wp-content\\\/uploads\\\/2020\\\/08\\\/efe-kurnaz-Rs5BQj5zbf8-unsplash-768x504.jpg\",\"datePublished\":\"2020-08-04T20:49:41+00:00\",\"dateModified\":\"2024-03-27T13:51:08+00:00\",\"breadcrumb\":{\"@id\":\"https:\\\/\\\/www.dual-career-am-see.de\\\/index.php\\\/dual-career-netzwerk-bodensee\\\/#breadcrumb\"},\"inLanguage\":\"de\",\"potentialAction\":[{\"@type\":\"ReadAction\",\"target\":[\"https:\\\/\\\/www.dual-career-am-see.de\\\/index.php\\\/dual-career-netzwerk-bodensee\\\/\"]}]},{\"@type\":\"ImageObject\",\"inLanguage\":\"de\",\"@id\":\"https:\\\/\\\/www.dual-career-am-see.de\\\/index.php\\\/dual-career-netzwerk-bodensee\\\/#primaryimage\",\"url\":\"https:\\\/\\\/www.dual-career-am-see.de\\\/wp-content\\\/uploads\\\/2020\\\/08\\\/efe-kurnaz-Rs5BQj5zbf8-unsplash-768x504.jpg\",\"contentUrl\":\"https:\\\/\\\/www.dual-career-am-see.de\\\/wp-content\\\/uploads\\\/2020\\\/08\\\/efe-kurnaz-Rs5BQj5zbf8-unsplash-768x504.jpg\"},{\"@type\":\"BreadcrumbList\",\"@id\":\"https:\\\/\\\/www.dual-career-am-see.de\\\/index.php\\\/dual-career-netzwerk-bodensee\\\/#breadcrumb\",\"itemListElement\":[{\"@type\":\"ListItem\",\"position\":1,\"name\":\"Startseite\",\"item\":\"https:\\\/\\\/www.dual-career-am-see.de\\\/\"},{\"@type\":\"ListItem\",\"position\":2,\"name\":\"Das Netzwerk\"}]},{\"@type\":\"WebSite\",\"@id\":\"https:\\\/\\\/www.dual-career-am-see.de\\\/#website\",\"url\":\"https:\\\/\\\/www.dual-career-am-see.de\\\/\",\"name\":\"Dual Career Netzwerk Bodensee\",\"description\":\"\",\"publisher\":{\"@id\":\"https:\\\/\\\/www.dual-career-am-see.de\\\/#organization\"},\"potentialAction\":[{\"@type\":\"SearchAction\",\"target\":{\"@type\":\"EntryPoint\",\"urlTemplate\":\"https:\\\/\\\/www.dual-career-am-see.de\\\/?s={search_term_string}\"},\"query-input\":{\"@type\":\"PropertyValueSpecification\",\"valueRequired\":true,\"valueName\":\"search_term_string\"}}],\"inLanguage\":\"de\"},{\"@type\":\"Organization\",\"@id\":\"https:\\\/\\\/www.dual-career-am-see.de\\\/#organization\",\"name\":\"Dual Career Netzwerk Bodensee\",\"url\":\"https:\\\/\\\/www.dual-career-am-see.de\\\/\",\"logo\":{\"@type\":\"ImageObject\",\"inLanguage\":\"de\",\"@id\":\"https:\\\/\\\/www.dual-career-am-see.de\\\/#\\\/schema\\\/logo\\\/image\\\/\",\"url\":\"https:\\\/\\\/www.dual-career-am-see.de\\\/wp-content\\\/uploads\\\/2020\\\/09\\\/cropped-DualCareerNetzwerkBodensee_Logo-200x120mm.png\",\"contentUrl\":\"https:\\\/\\\/www.dual-career-am-see.de\\\/wp-content\\\/uploads\\\/2020\\\/09\\\/cropped-DualCareerNetzwerkBodensee_Logo-200x120mm.png\",\"width\":2362,\"height\":1417,\"caption\":\"Dual Career Netzwerk Bodensee\"},\"image\":{\"@id\":\"https:\\\/\\\/www.dual-career-am-see.de\\\/#\\\/schema\\\/logo\\\/image\\\/\"}}]}<\/script>\n<!-- \/ Yoast SEO plugin. -->","yoast_head_json":{"title":"Das Netzwerk - Dual Career Netzwerk Bodensee","robots":{"index":"index","follow":"follow","max-snippet":"max-snippet:-1","max-image-preview":"max-image-preview:large","max-video-preview":"max-video-preview:-1"},"canonical":"https:\/\/www.dual-career-am-see.de\/index.php\/dual-career-netzwerk-bodensee\/","og_locale":"de_DE","og_type":"article","og_title":"Das Netzwerk - Dual Career Netzwerk Bodensee","og_description":"\u00dcber uns: 2011 hat sich das Dual Career Netzwerk Bodensee an der Universit\u00e4t Konstanz gegr\u00fcndet. Arbeitgeber aus Wirtschaft, Wissenschaft und Kommunalverwaltung haben sich zusammengeschlossen, um auch den mitziehenden Partner*innen ihrer neuen Mitarbeiter*innen berufliche Perspektiven bieten zu k\u00f6nnen. Hintergrund ist unsere Erfahrung, dass viele Fach- und F\u00fchrungskr\u00e4fte nicht allein in die Bodenseeregion ziehen, sondern h\u00e4ufig in&hellip;&nbsp;Weiterlesen &raquo;Das Netzwerk","og_url":"https:\/\/www.dual-career-am-see.de\/index.php\/dual-career-netzwerk-bodensee\/","og_site_name":"Dual Career Netzwerk Bodensee","article_modified_time":"2024-03-27T13:51:08+00:00","og_image":[{"url":"https:\/\/www.dual-career-am-see.de\/wp-content\/uploads\/2020\/08\/efe-kurnaz-Rs5BQj5zbf8-unsplash-768x504.jpg","type":"","width":"","height":""}],"twitter_card":"summary_large_image","twitter_misc":{"Gesch\u00e4tzte Lesezeit":"2\u00a0Minuten"},"schema":{"@context":"https:\/\/schema.org","@graph":[{"@type":"WebPage","@id":"https:\/\/www.dual-career-am-see.de\/index.php\/dual-career-netzwerk-bodensee\/","url":"https:\/\/www.dual-career-am-see.de\/index.php\/dual-career-netzwerk-bodensee\/","name":"Das Netzwerk - Dual Career Netzwerk Bodensee","isPartOf":{"@id":"https:\/\/www.dual-career-am-see.de\/#website"},"primaryImageOfPage":{"@id":"https:\/\/www.dual-career-am-see.de\/index.php\/dual-career-netzwerk-bodensee\/#primaryimage"},"image":{"@id":"https:\/\/www.dual-career-am-see.de\/index.php\/dual-career-netzwerk-bodensee\/#primaryimage"},"thumbnailUrl":"https:\/\/www.dual-career-am-see.de\/wp-content\/uploads\/2020\/08\/efe-kurnaz-Rs5BQj5zbf8-unsplash-768x504.jpg","datePublished":"2020-08-04T20:49:41+00:00","dateModified":"2024-03-27T13:51:08+00:00","breadcrumb":{"@id":"https:\/\/www.dual-career-am-see.de\/index.php\/dual-career-netzwerk-bodensee\/#breadcrumb"},"inLanguage":"de","potentialAction":[{"@type":"ReadAction","target":["https:\/\/www.dual-career-am-see.de\/index.php\/dual-career-netzwerk-bodensee\/"]}]},{"@type":"ImageObject","inLanguage":"de","@id":"https:\/\/www.dual-career-am-see.de\/index.php\/dual-career-netzwerk-bodensee\/#primaryimage","url":"https:\/\/www.dual-career-am-see.de\/wp-content\/uploads\/2020\/08\/efe-kurnaz-Rs5BQj5zbf8-unsplash-768x504.jpg","contentUrl":"https:\/\/www.dual-career-am-see.de\/wp-content\/uploads\/2020\/08\/efe-kurnaz-Rs5BQj5zbf8-unsplash-768x504.jpg"},{"@type":"BreadcrumbList","@id":"https:\/\/www.dual-career-am-see.de\/index.php\/dual-career-netzwerk-bodensee\/#breadcrumb","itemListElement":[{"@type":"ListItem","position":1,"name":"Startseite","item":"https:\/\/www.dual-career-am-see.de\/"},{"@type":"ListItem","position":2,"name":"Das Netzwerk"}]},{"@type":"WebSite","@id":"https:\/\/www.dual-career-am-see.de\/#website","url":"https:\/\/www.dual-career-am-see.de\/","name":"Dual Career Netzwerk Bodensee","description":"","publisher":{"@id":"https:\/\/www.dual-career-am-see.de\/#organization"},"potentialAction":[{"@type":"SearchAction","target":{"@type":"EntryPoint","urlTemplate":"https:\/\/www.dual-career-am-see.de\/?s={search_term_string}"},"query-input":{"@type":"PropertyValueSpecification","valueRequired":true,"valueName":"search_term_string"}}],"inLanguage":"de"},{"@type":"Organization","@id":"https:\/\/www.dual-career-am-see.de\/#organization","name":"Dual Career Netzwerk Bodensee","url":"https:\/\/www.dual-career-am-see.de\/","logo":{"@type":"ImageObject","inLanguage":"de","@id":"https:\/\/www.dual-career-am-see.de\/#\/schema\/logo\/image\/","url":"https:\/\/www.dual-career-am-see.de\/wp-content\/uploads\/2020\/09\/cropped-DualCareerNetzwerkBodensee_Logo-200x120mm.png","contentUrl":"https:\/\/www.dual-career-am-see.de\/wp-content\/uploads\/2020\/09\/cropped-DualCareerNetzwerkBodensee_Logo-200x120mm.png","width":2362,"height":1417,"caption":"Dual Career Netzwerk Bodensee"},"image":{"@id":"https:\/\/www.dual-career-am-see.de\/#\/schema\/logo\/image\/"}}]}},"_links":{"self":[{"href":"https:\/\/www.dual-career-am-see.de\/index.php\/wp-json\/wp\/v2\/pages\/213","targetHints":{"allow":["GET"]}}],"collection":[{"href":"https:\/\/www.dual-career-am-see.de\/index.php\/wp-json\/wp\/v2\/pages"}],"about":[{"href":"https:\/\/www.dual-career-am-see.de\/index.php\/wp-json\/wp\/v2\/types\/page"}],"author":[{"embeddable":true,"href":"https:\/\/www.dual-career-am-see.de\/index.php\/wp-json\/wp\/v2\/users\/2"}],"replies":[{"embeddable":true,"href":"https:\/\/www.dual-career-am-see.de\/index.php\/wp-json\/wp\/v2\/comments?post=213"}],"version-history":[{"count":31,"href":"https:\/\/www.dual-career-am-see.de\/index.php\/wp-json\/wp\/v2\/pages\/213\/revisions"}],"predecessor-version":[{"id":540,"href":"https:\/\/www.dual-career-am-see.de\/index.php\/wp-json\/wp\/v2\/pages\/213\/revisions\/540"}],"wp:attachment":[{"href":"https:\/\/www.dual-career-am-see.de\/index.php\/wp-json\/wp\/v2\/media?parent=213"}],"curies":[{"name":"wp","href":"https:\/\/api.w.org\/{rel}","templated":true}]}}