{"id":127,"date":"2020-08-04T20:49:41","date_gmt":"2020-08-04T20:49:41","guid":{"rendered":"https:\/\/www.dual-career-am-see.de\/?page_id=127"},"modified":"2023-01-17T12:16:45","modified_gmt":"2023-01-17T12:16:45","slug":"mitgliedschaft","status":"publish","type":"page","link":"https:\/\/www.dual-career-am-see.de\/index.php\/mitgliedschaft\/","title":{"rendered":"Mitgliedschaft"},"content":{"rendered":"\t\t<div data-elementor-type=\"wp-page\" data-elementor-id=\"127\" class=\"elementor elementor-127\">\n\t\t\t\t\t\t<section class=\"elementor-section elementor-top-section elementor-element elementor-element-db6ca09 elementor-section-boxed elementor-section-height-default elementor-section-height-default\" data-id=\"db6ca09\" data-element_type=\"section\">\n\t\t\t\t\t\t<div class=\"elementor-container elementor-column-gap-default\">\n\t\t\t\t\t<div class=\"elementor-column elementor-col-100 elementor-top-column elementor-element elementor-element-0cbb2d8\" data-id=\"0cbb2d8\" data-element_type=\"column\">\n\t\t\t<div class=\"elementor-widget-wrap elementor-element-populated\">\n\t\t\t\t\t\t<div class=\"elementor-element elementor-element-df33a61 elementor-widget elementor-widget-text-editor\" data-id=\"df33a61\" data-element_type=\"widget\" data-widget_type=\"text-editor.default\">\n\t\t\t\t<div class=\"elementor-widget-container\">\n\t\t\t\t\t\t\t\t\t<h3><strong>Warum lohnt es sich Mitglied zu sein?<\/strong><\/h3>\t\t\t\t\t\t\t\t<\/div>\n\t\t\t\t<\/div>\n\t\t\t\t\t<\/div>\n\t\t<\/div>\n\t\t\t\t\t<\/div>\n\t\t<\/section>\n\t\t\t\t<section class=\"elementor-section elementor-top-section elementor-element elementor-element-0fbc52b elementor-section-boxed elementor-section-height-default elementor-section-height-default\" data-id=\"0fbc52b\" data-element_type=\"section\">\n\t\t\t\t\t\t<div class=\"elementor-container elementor-column-gap-default\">\n\t\t\t\t\t<div class=\"elementor-column elementor-col-100 elementor-top-column elementor-element elementor-element-4fba29e\" data-id=\"4fba29e\" data-element_type=\"column\">\n\t\t\t<div class=\"elementor-widget-wrap elementor-element-populated\">\n\t\t\t\t\t\t<div class=\"elementor-element elementor-element-e119534 elementor-widget elementor-widget-text-editor\" data-id=\"e119534\" data-element_type=\"widget\" data-widget_type=\"text-editor.default\">\n\t\t\t\t<div class=\"elementor-widget-container\">\n\t\t\t\t\t\t\t\t\t<p>Gemeinsam geht es leichter! Als Mitglied des Dual Career Netzwerks Bodensee<\/p><ul><li>erhalten Sie Kontakt zu Personalverantwortlichen des Netzwerks und k\u00f6nnen so schnell und unb\u00fcrokratisch Karriereperspektiven f\u00fcr die mitziehenden Partner*innen ihrer Wunschkandidat*innen abkl\u00e4ren.<\/li><li>werden Sie bei Ihren Dual Career F\u00e4llen durch die Netzwerkkoordination mit Information und Orientierung unterst\u00fctzt.<\/li><li>profitieren Sie von der Expertise der anderen Netzwerkmitglieder und haben Teil an deren Erfahrungen und L\u00f6sungen.<\/li><li>werden Sie Teil der \u00d6ffentlichkeitsarbeit des Netzwerks (z. B. Homepage, Flyer, Medienbeitr\u00e4ge) und zeigen so, dass es sich lohnt, bei Ihnen ein Stellenangebot anzunehmen.<\/li><\/ul>\t\t\t\t\t\t\t\t<\/div>\n\t\t\t\t<\/div>\n\t\t\t\t\t<\/div>\n\t\t<\/div>\n\t\t\t\t\t<\/div>\n\t\t<\/section>\n\t\t\t\t<section class=\"elementor-section elementor-top-section elementor-element elementor-element-3b0dfeb elementor-section-boxed elementor-section-height-default elementor-section-height-default\" data-id=\"3b0dfeb\" data-element_type=\"section\">\n\t\t\t\t\t\t<div class=\"elementor-container elementor-column-gap-default\">\n\t\t\t\t\t<div class=\"elementor-column elementor-col-100 elementor-top-column elementor-element elementor-element-1dd6814\" data-id=\"1dd6814\" data-element_type=\"column\">\n\t\t\t<div class=\"elementor-widget-wrap elementor-element-populated\">\n\t\t\t\t\t\t<div class=\"elementor-element elementor-element-84d0e74 elementor-widget elementor-widget-text-editor\" data-id=\"84d0e74\" data-element_type=\"widget\" data-widget_type=\"text-editor.default\">\n\t\t\t\t<div class=\"elementor-widget-container\">\n\t\t\t\t\t\t\t\t\t<h3><strong>Wie kann man Mitglied werden? Was sind die Konditionen?<\/strong><\/h3>\t\t\t\t\t\t\t\t<\/div>\n\t\t\t\t<\/div>\n\t\t\t\t\t<\/div>\n\t\t<\/div>\n\t\t\t\t\t<\/div>\n\t\t<\/section>\n\t\t\t\t<section class=\"elementor-section elementor-top-section elementor-element elementor-element-67b0f68 elementor-section-boxed elementor-section-height-default elementor-section-height-default\" data-id=\"67b0f68\" data-element_type=\"section\">\n\t\t\t\t\t\t<div class=\"elementor-container elementor-column-gap-default\">\n\t\t\t\t\t<div class=\"elementor-column elementor-col-100 elementor-top-column elementor-element elementor-element-4cc1196\" data-id=\"4cc1196\" data-element_type=\"column\">\n\t\t\t<div class=\"elementor-widget-wrap elementor-element-populated\">\n\t\t\t\t\t\t<div class=\"elementor-element elementor-element-4572a2d elementor-widget elementor-widget-text-editor\" data-id=\"4572a2d\" data-element_type=\"widget\" data-widget_type=\"text-editor.default\">\n\t\t\t\t<div class=\"elementor-widget-container\">\n\t\t\t\t\t\t\t\t\t<p>Das Netzwerk richtet sich an Unternehmen, Hochschulen, \u00f6ffentliche Verwaltungen und Non-Profit-Organisationen der Regionen Bodensee, Schwarzwald-Baar-Heuberg und Oberschwaben, die<\/p><ul><li>regelm\u00e4\u00dfig qualifizierte Stellen besetzen<\/li><li>\u00fcberregional rekrutieren und<\/li><li>im Wettbewerb um Fach- und F\u00fchrungskr\u00e4fte etwas bieten wollen, was andere Arbeitgeber nicht haben.<\/li><\/ul>\t\t\t\t\t\t\t\t<\/div>\n\t\t\t\t<\/div>\n\t\t\t\t\t<\/div>\n\t\t<\/div>\n\t\t\t\t\t<\/div>\n\t\t<\/section>\n\t\t\t\t<section class=\"elementor-section elementor-top-section elementor-element elementor-element-ca9de10 elementor-section-boxed elementor-section-height-default elementor-section-height-default\" data-id=\"ca9de10\" data-element_type=\"section\">\n\t\t\t\t\t\t<div class=\"elementor-container elementor-column-gap-default\">\n\t\t\t\t\t<div class=\"elementor-column elementor-col-100 elementor-top-column elementor-element elementor-element-b81033d\" data-id=\"b81033d\" data-element_type=\"column\">\n\t\t\t<div class=\"elementor-widget-wrap elementor-element-populated\">\n\t\t\t\t\t\t<div class=\"elementor-element elementor-element-c9f88d7 elementor-widget elementor-widget-text-editor\" data-id=\"c9f88d7\" data-element_type=\"widget\" data-widget_type=\"text-editor.default\">\n\t\t\t\t<div class=\"elementor-widget-container\">\n\t\t\t\t\t\t\t\t\t<h3>Als Netzwerkmitglied<\/h3>\t\t\t\t\t\t\t\t<\/div>\n\t\t\t\t<\/div>\n\t\t\t\t\t<\/div>\n\t\t<\/div>\n\t\t\t\t\t<\/div>\n\t\t<\/section>\n\t\t\t\t<section class=\"elementor-section elementor-top-section elementor-element elementor-element-ad1d69b elementor-section-boxed elementor-section-height-default elementor-section-height-default\" data-id=\"ad1d69b\" data-element_type=\"section\">\n\t\t\t\t\t\t<div class=\"elementor-container elementor-column-gap-default\">\n\t\t\t\t\t<div class=\"elementor-column elementor-col-100 elementor-top-column elementor-element elementor-element-ecdf971\" data-id=\"ecdf971\" data-element_type=\"column\">\n\t\t\t<div class=\"elementor-widget-wrap elementor-element-populated\">\n\t\t\t\t\t\t<div class=\"elementor-element elementor-element-5d6d1e3 elementor-widget elementor-widget-text-editor\" data-id=\"5d6d1e3\" data-element_type=\"widget\" data-widget_type=\"text-editor.default\">\n\t\t\t\t<div class=\"elementor-widget-container\">\n\t\t\t\t\t\t\t\t\t<ul><li>Entsenden Sie eine konkrete Ansprechperson und nehmen am j\u00e4hrlichen Netzwerktreffen teil bzw. senden, wenn m\u00f6glich, eine Vertretung.<\/li><li>Behandeln Sie Anfragen aus dem Netzwerk ernsthaft und diskret.<\/li><li>Entwickeln Sie nach M\u00f6glichkeit einen Ansatz f\u00fcr Ihr Unternehmen, Ihre Hochschule oder Ihre Organisation, wie Dual Career Partner*innen intern unterst\u00fctzt werden k\u00f6nnen.<\/li><li>Entrichten Sie eine j\u00e4hrliche geringe Kostenbeteiligung f\u00fcr die Netzwerkkoordination und \u00d6ffentlichkeitsarbeit. Die Kostenbeteiligung liegt aktuell bei 100,- EUR f\u00fcr Non-Profit-Organisationen (z.B. Hochschulen, Kommunalverwaltungen, Vereine) und bei 200,- EUR f\u00fcr Unternehmen.<\/li><\/ul>\t\t\t\t\t\t\t\t<\/div>\n\t\t\t\t<\/div>\n\t\t\t\t\t<\/div>\n\t\t<\/div>\n\t\t\t\t\t<\/div>\n\t\t<\/section>\n\t\t\t\t<section class=\"elementor-section elementor-top-section elementor-element elementor-element-a49d4a2 elementor-section-boxed elementor-section-height-default elementor-section-height-default\" data-id=\"a49d4a2\" data-element_type=\"section\">\n\t\t\t\t\t\t<div class=\"elementor-container elementor-column-gap-default\">\n\t\t\t\t\t<div class=\"elementor-column elementor-col-100 elementor-top-column elementor-element elementor-element-bfd36a8\" data-id=\"bfd36a8\" data-element_type=\"column\">\n\t\t\t<div class=\"elementor-widget-wrap elementor-element-populated\">\n\t\t\t\t\t\t<div class=\"elementor-element elementor-element-3a11124 elementor-widget elementor-widget-text-editor\" data-id=\"3a11124\" data-element_type=\"widget\" data-widget_type=\"text-editor.default\">\n\t\t\t\t<div class=\"elementor-widget-container\">\n\t\t\t\t\t\t\t\t\t<p>Bei Interesse freut sich die Netzwerkkoordinatorin <a href=\"https:\/\/www.dual-career-am-see.de\/index.php\/kontakt\/\">Kerstin Melzer<\/a> auf Ihre Kontaktaufnahme.<\/p>\t\t\t\t\t\t\t\t<\/div>\n\t\t\t\t<\/div>\n\t\t\t\t\t<\/div>\n\t\t<\/div>\n\t\t\t\t\t<\/div>\n\t\t<\/section>\n\t\t\t\t<section class=\"elementor-section elementor-top-section elementor-element elementor-element-63a036b elementor-section-boxed elementor-section-height-default elementor-section-height-default\" data-id=\"63a036b\" data-element_type=\"section\">\n\t\t\t\t\t\t<div class=\"elementor-container elementor-column-gap-default\">\n\t\t\t\t\t<div class=\"elementor-column elementor-col-100 elementor-top-column elementor-element elementor-element-b86f31e\" data-id=\"b86f31e\" data-element_type=\"column\">\n\t\t\t<div class=\"elementor-widget-wrap elementor-element-populated\">\n\t\t\t\t\t\t<div class=\"elementor-element elementor-element-ed0f1c6 elementor-widget elementor-widget-image\" data-id=\"ed0f1c6\" data-element_type=\"widget\" data-widget_type=\"image.default\">\n\t\t\t\t<div class=\"elementor-widget-container\">\n\t\t\t\t\t\t\t\t\t\t\t\t\t\t\t<img fetchpriority=\"high\" decoding=\"async\" width=\"1024\" height=\"683\" src=\"https:\/\/www.dual-career-am-see.de\/wp-content\/uploads\/2020\/09\/thomas-park-mv_uuKdmxTc-unsplash-1024x683.jpg\" class=\"attachment-large size-large wp-image-325\" alt=\"\" srcset=\"https:\/\/www.dual-career-am-see.de\/wp-content\/uploads\/2020\/09\/thomas-park-mv_uuKdmxTc-unsplash-1024x683.jpg 1024w, https:\/\/www.dual-career-am-see.de\/wp-content\/uploads\/2020\/09\/thomas-park-mv_uuKdmxTc-unsplash-300x200.jpg 300w, https:\/\/www.dual-career-am-see.de\/wp-content\/uploads\/2020\/09\/thomas-park-mv_uuKdmxTc-unsplash-768x512.jpg 768w, https:\/\/www.dual-career-am-see.de\/wp-content\/uploads\/2020\/09\/thomas-park-mv_uuKdmxTc-unsplash-1536x1024.jpg 1536w, https:\/\/www.dual-career-am-see.de\/wp-content\/uploads\/2020\/09\/thomas-park-mv_uuKdmxTc-unsplash-2048x1365.jpg 2048w, https:\/\/www.dual-career-am-see.de\/wp-content\/uploads\/2020\/09\/thomas-park-mv_uuKdmxTc-unsplash-930x620.jpg 930w, https:\/\/www.dual-career-am-see.de\/wp-content\/uploads\/2020\/09\/thomas-park-mv_uuKdmxTc-unsplash-174x116.jpg 174w\" sizes=\"(max-width: 1024px) 100vw, 1024px\" \/>\t\t\t\t\t\t\t\t\t\t\t\t\t\t\t<\/div>\n\t\t\t\t<\/div>\n\t\t\t\t\t<\/div>\n\t\t<\/div>\n\t\t\t\t\t<\/div>\n\t\t<\/section>\n\t\t\t\t<\/div>\n\t\t","protected":false},"excerpt":{"rendered":"<p>Warum lohnt es sich Mitglied zu sein? Gemeinsam geht es leichter! Als Mitglied des Dual Career Netzwerks Bodensee erhalten Sie Kontakt zu Personalverantwortlichen des Netzwerks und k\u00f6nnen so schnell und unb\u00fcrokratisch Karriereperspektiven f\u00fcr die mitziehenden Partner*innen ihrer Wunschkandidat*innen abkl\u00e4ren. werden Sie bei Ihren Dual Career F\u00e4llen durch die Netzwerkkoordination mit Information und Orientierung unterst\u00fctzt. profitieren&hellip;&nbsp;<a href=\"https:\/\/www.dual-career-am-see.de\/index.php\/mitgliedschaft\/\" rel=\"bookmark\">Weiterlesen &raquo;<span class=\"screen-reader-text\">Mitgliedschaft<\/span><\/a><\/p>\n","protected":false},"author":2,"featured_media":0,"parent":0,"menu_order":0,"comment_status":"closed","ping_status":"closed","template":"","meta":{"neve_meta_sidebar":"","neve_meta_container":"","neve_meta_enable_content_width":"off","neve_meta_content_width":0,"neve_meta_title_alignment":"","neve_meta_author_avatar":"","neve_post_elements_order":"","neve_meta_disable_header":"","neve_meta_disable_footer":"","neve_meta_disable_title":"","footnotes":""},"class_list":["post-127","page","type-page","status-publish","hentry"],"yoast_head":"<!-- This site is optimized with the Yoast SEO plugin v27.3 - https:\/\/yoast.com\/product\/yoast-seo-wordpress\/ -->\n<title>Mitgliedschaft - Dual Career Netzwerk Bodensee<\/title>\n<meta name=\"robots\" content=\"index, follow, max-snippet:-1, max-image-preview:large, max-video-preview:-1\" \/>\n<link rel=\"canonical\" href=\"https:\/\/www.dual-career-am-see.de\/index.php\/mitgliedschaft\/\" \/>\n<meta property=\"og:locale\" content=\"de_DE\" \/>\n<meta property=\"og:type\" content=\"article\" \/>\n<meta property=\"og:title\" content=\"Mitgliedschaft - Dual Career Netzwerk Bodensee\" \/>\n<meta property=\"og:description\" content=\"Warum lohnt es sich Mitglied zu sein? Gemeinsam geht es leichter! Als Mitglied des Dual Career Netzwerks Bodensee erhalten Sie Kontakt zu Personalverantwortlichen des Netzwerks und k\u00f6nnen so schnell und unb\u00fcrokratisch Karriereperspektiven f\u00fcr die mitziehenden Partner*innen ihrer Wunschkandidat*innen abkl\u00e4ren. werden Sie bei Ihren Dual Career F\u00e4llen durch die Netzwerkkoordination mit Information und Orientierung unterst\u00fctzt. profitieren&hellip;&nbsp;Weiterlesen &raquo;Mitgliedschaft\" \/>\n<meta property=\"og:url\" content=\"https:\/\/www.dual-career-am-see.de\/index.php\/mitgliedschaft\/\" \/>\n<meta property=\"og:site_name\" content=\"Dual Career Netzwerk Bodensee\" \/>\n<meta property=\"article:modified_time\" content=\"2023-01-17T12:16:45+00:00\" \/>\n<meta property=\"og:image\" content=\"https:\/\/www.dual-career-am-see.de\/wp-content\/uploads\/2020\/09\/thomas-park-mv_uuKdmxTc-unsplash-1024x683.jpg\" \/>\n<meta name=\"twitter:card\" content=\"summary_large_image\" \/>\n<meta name=\"twitter:label1\" content=\"Gesch\u00e4tzte Lesezeit\" \/>\n\t<meta name=\"twitter:data1\" content=\"2\u00a0Minuten\" \/>\n<script type=\"application\/ld+json\" class=\"yoast-schema-graph\">{\"@context\":\"https:\\\/\\\/schema.org\",\"@graph\":[{\"@type\":\"WebPage\",\"@id\":\"https:\\\/\\\/www.dual-career-am-see.de\\\/index.php\\\/mitgliedschaft\\\/\",\"url\":\"https:\\\/\\\/www.dual-career-am-see.de\\\/index.php\\\/mitgliedschaft\\\/\",\"name\":\"Mitgliedschaft - Dual Career Netzwerk Bodensee\",\"isPartOf\":{\"@id\":\"https:\\\/\\\/www.dual-career-am-see.de\\\/#website\"},\"primaryImageOfPage\":{\"@id\":\"https:\\\/\\\/www.dual-career-am-see.de\\\/index.php\\\/mitgliedschaft\\\/#primaryimage\"},\"image\":{\"@id\":\"https:\\\/\\\/www.dual-career-am-see.de\\\/index.php\\\/mitgliedschaft\\\/#primaryimage\"},\"thumbnailUrl\":\"https:\\\/\\\/www.dual-career-am-see.de\\\/wp-content\\\/uploads\\\/2020\\\/09\\\/thomas-park-mv_uuKdmxTc-unsplash-1024x683.jpg\",\"datePublished\":\"2020-08-04T20:49:41+00:00\",\"dateModified\":\"2023-01-17T12:16:45+00:00\",\"breadcrumb\":{\"@id\":\"https:\\\/\\\/www.dual-career-am-see.de\\\/index.php\\\/mitgliedschaft\\\/#breadcrumb\"},\"inLanguage\":\"de\",\"potentialAction\":[{\"@type\":\"ReadAction\",\"target\":[\"https:\\\/\\\/www.dual-career-am-see.de\\\/index.php\\\/mitgliedschaft\\\/\"]}]},{\"@type\":\"ImageObject\",\"inLanguage\":\"de\",\"@id\":\"https:\\\/\\\/www.dual-career-am-see.de\\\/index.php\\\/mitgliedschaft\\\/#primaryimage\",\"url\":\"https:\\\/\\\/www.dual-career-am-see.de\\\/wp-content\\\/uploads\\\/2020\\\/09\\\/thomas-park-mv_uuKdmxTc-unsplash.jpg\",\"contentUrl\":\"https:\\\/\\\/www.dual-career-am-see.de\\\/wp-content\\\/uploads\\\/2020\\\/09\\\/thomas-park-mv_uuKdmxTc-unsplash.jpg\",\"width\":2400,\"height\":1600},{\"@type\":\"BreadcrumbList\",\"@id\":\"https:\\\/\\\/www.dual-career-am-see.de\\\/index.php\\\/mitgliedschaft\\\/#breadcrumb\",\"itemListElement\":[{\"@type\":\"ListItem\",\"position\":1,\"name\":\"Startseite\",\"item\":\"https:\\\/\\\/www.dual-career-am-see.de\\\/\"},{\"@type\":\"ListItem\",\"position\":2,\"name\":\"Mitgliedschaft\"}]},{\"@type\":\"WebSite\",\"@id\":\"https:\\\/\\\/www.dual-career-am-see.de\\\/#website\",\"url\":\"https:\\\/\\\/www.dual-career-am-see.de\\\/\",\"name\":\"Dual Career Netzwerk Bodensee\",\"description\":\"\",\"publisher\":{\"@id\":\"https:\\\/\\\/www.dual-career-am-see.de\\\/#organization\"},\"potentialAction\":[{\"@type\":\"SearchAction\",\"target\":{\"@type\":\"EntryPoint\",\"urlTemplate\":\"https:\\\/\\\/www.dual-career-am-see.de\\\/?s={search_term_string}\"},\"query-input\":{\"@type\":\"PropertyValueSpecification\",\"valueRequired\":true,\"valueName\":\"search_term_string\"}}],\"inLanguage\":\"de\"},{\"@type\":\"Organization\",\"@id\":\"https:\\\/\\\/www.dual-career-am-see.de\\\/#organization\",\"name\":\"Dual Career Netzwerk Bodensee\",\"url\":\"https:\\\/\\\/www.dual-career-am-see.de\\\/\",\"logo\":{\"@type\":\"ImageObject\",\"inLanguage\":\"de\",\"@id\":\"https:\\\/\\\/www.dual-career-am-see.de\\\/#\\\/schema\\\/logo\\\/image\\\/\",\"url\":\"https:\\\/\\\/www.dual-career-am-see.de\\\/wp-content\\\/uploads\\\/2020\\\/09\\\/cropped-DualCareerNetzwerkBodensee_Logo-200x120mm.png\",\"contentUrl\":\"https:\\\/\\\/www.dual-career-am-see.de\\\/wp-content\\\/uploads\\\/2020\\\/09\\\/cropped-DualCareerNetzwerkBodensee_Logo-200x120mm.png\",\"width\":2362,\"height\":1417,\"caption\":\"Dual Career Netzwerk Bodensee\"},\"image\":{\"@id\":\"https:\\\/\\\/www.dual-career-am-see.de\\\/#\\\/schema\\\/logo\\\/image\\\/\"}}]}<\/script>\n<!-- \/ Yoast SEO plugin. -->","yoast_head_json":{"title":"Mitgliedschaft - Dual Career Netzwerk Bodensee","robots":{"index":"index","follow":"follow","max-snippet":"max-snippet:-1","max-image-preview":"max-image-preview:large","max-video-preview":"max-video-preview:-1"},"canonical":"https:\/\/www.dual-career-am-see.de\/index.php\/mitgliedschaft\/","og_locale":"de_DE","og_type":"article","og_title":"Mitgliedschaft - Dual Career Netzwerk Bodensee","og_description":"Warum lohnt es sich Mitglied zu sein? Gemeinsam geht es leichter! Als Mitglied des Dual Career Netzwerks Bodensee erhalten Sie Kontakt zu Personalverantwortlichen des Netzwerks und k\u00f6nnen so schnell und unb\u00fcrokratisch Karriereperspektiven f\u00fcr die mitziehenden Partner*innen ihrer Wunschkandidat*innen abkl\u00e4ren. werden Sie bei Ihren Dual Career F\u00e4llen durch die Netzwerkkoordination mit Information und Orientierung unterst\u00fctzt. profitieren&hellip;&nbsp;Weiterlesen &raquo;Mitgliedschaft","og_url":"https:\/\/www.dual-career-am-see.de\/index.php\/mitgliedschaft\/","og_site_name":"Dual Career Netzwerk Bodensee","article_modified_time":"2023-01-17T12:16:45+00:00","og_image":[{"url":"https:\/\/www.dual-career-am-see.de\/wp-content\/uploads\/2020\/09\/thomas-park-mv_uuKdmxTc-unsplash-1024x683.jpg","type":"","width":"","height":""}],"twitter_card":"summary_large_image","twitter_misc":{"Gesch\u00e4tzte Lesezeit":"2\u00a0Minuten"},"schema":{"@context":"https:\/\/schema.org","@graph":[{"@type":"WebPage","@id":"https:\/\/www.dual-career-am-see.de\/index.php\/mitgliedschaft\/","url":"https:\/\/www.dual-career-am-see.de\/index.php\/mitgliedschaft\/","name":"Mitgliedschaft - Dual Career Netzwerk Bodensee","isPartOf":{"@id":"https:\/\/www.dual-career-am-see.de\/#website"},"primaryImageOfPage":{"@id":"https:\/\/www.dual-career-am-see.de\/index.php\/mitgliedschaft\/#primaryimage"},"image":{"@id":"https:\/\/www.dual-career-am-see.de\/index.php\/mitgliedschaft\/#primaryimage"},"thumbnailUrl":"https:\/\/www.dual-career-am-see.de\/wp-content\/uploads\/2020\/09\/thomas-park-mv_uuKdmxTc-unsplash-1024x683.jpg","datePublished":"2020-08-04T20:49:41+00:00","dateModified":"2023-01-17T12:16:45+00:00","breadcrumb":{"@id":"https:\/\/www.dual-career-am-see.de\/index.php\/mitgliedschaft\/#breadcrumb"},"inLanguage":"de","potentialAction":[{"@type":"ReadAction","target":["https:\/\/www.dual-career-am-see.de\/index.php\/mitgliedschaft\/"]}]},{"@type":"ImageObject","inLanguage":"de","@id":"https:\/\/www.dual-career-am-see.de\/index.php\/mitgliedschaft\/#primaryimage","url":"https:\/\/www.dual-career-am-see.de\/wp-content\/uploads\/2020\/09\/thomas-park-mv_uuKdmxTc-unsplash.jpg","contentUrl":"https:\/\/www.dual-career-am-see.de\/wp-content\/uploads\/2020\/09\/thomas-park-mv_uuKdmxTc-unsplash.jpg","width":2400,"height":1600},{"@type":"BreadcrumbList","@id":"https:\/\/www.dual-career-am-see.de\/index.php\/mitgliedschaft\/#breadcrumb","itemListElement":[{"@type":"ListItem","position":1,"name":"Startseite","item":"https:\/\/www.dual-career-am-see.de\/"},{"@type":"ListItem","position":2,"name":"Mitgliedschaft"}]},{"@type":"WebSite","@id":"https:\/\/www.dual-career-am-see.de\/#website","url":"https:\/\/www.dual-career-am-see.de\/","name":"Dual Career Netzwerk Bodensee","description":"","publisher":{"@id":"https:\/\/www.dual-career-am-see.de\/#organization"},"potentialAction":[{"@type":"SearchAction","target":{"@type":"EntryPoint","urlTemplate":"https:\/\/www.dual-career-am-see.de\/?s={search_term_string}"},"query-input":{"@type":"PropertyValueSpecification","valueRequired":true,"valueName":"search_term_string"}}],"inLanguage":"de"},{"@type":"Organization","@id":"https:\/\/www.dual-career-am-see.de\/#organization","name":"Dual Career Netzwerk Bodensee","url":"https:\/\/www.dual-career-am-see.de\/","logo":{"@type":"ImageObject","inLanguage":"de","@id":"https:\/\/www.dual-career-am-see.de\/#\/schema\/logo\/image\/","url":"https:\/\/www.dual-career-am-see.de\/wp-content\/uploads\/2020\/09\/cropped-DualCareerNetzwerkBodensee_Logo-200x120mm.png","contentUrl":"https:\/\/www.dual-career-am-see.de\/wp-content\/uploads\/2020\/09\/cropped-DualCareerNetzwerkBodensee_Logo-200x120mm.png","width":2362,"height":1417,"caption":"Dual Career Netzwerk Bodensee"},"image":{"@id":"https:\/\/www.dual-career-am-see.de\/#\/schema\/logo\/image\/"}}]}},"_links":{"self":[{"href":"https:\/\/www.dual-career-am-see.de\/index.php\/wp-json\/wp\/v2\/pages\/127","targetHints":{"allow":["GET"]}}],"collection":[{"href":"https:\/\/www.dual-career-am-see.de\/index.php\/wp-json\/wp\/v2\/pages"}],"about":[{"href":"https:\/\/www.dual-career-am-see.de\/index.php\/wp-json\/wp\/v2\/types\/page"}],"author":[{"embeddable":true,"href":"https:\/\/www.dual-career-am-see.de\/index.php\/wp-json\/wp\/v2\/users\/2"}],"replies":[{"embeddable":true,"href":"https:\/\/www.dual-career-am-see.de\/index.php\/wp-json\/wp\/v2\/comments?post=127"}],"version-history":[{"count":27,"href":"https:\/\/www.dual-career-am-see.de\/index.php\/wp-json\/wp\/v2\/pages\/127\/revisions"}],"predecessor-version":[{"id":521,"href":"https:\/\/www.dual-career-am-see.de\/index.php\/wp-json\/wp\/v2\/pages\/127\/revisions\/521"}],"wp:attachment":[{"href":"https:\/\/www.dual-career-am-see.de\/index.php\/wp-json\/wp\/v2\/media?parent=127"}],"curies":[{"name":"wp","href":"https:\/\/api.w.org\/{rel}","templated":true}]}}